{"id":372,"date":"2022-07-07T20:57:29","date_gmt":"2022-07-07T20:57:29","guid":{"rendered":"http:\/\/soportexpressgt.com\/?page_id=372"},"modified":"2022-07-25T20:44:30","modified_gmt":"2022-07-25T20:44:30","slug":"cambio-de-baterias","status":"publish","type":"page","link":"https:\/\/soportexpressgt.com\/?page_id=372","title":{"rendered":"Cambio de Bater\u00edas"},"content":{"rendered":"<div data-colibri-id=\"372-c1\" class=\"style-449 style-local-372-c1 position-relative\">\n  <!---->\n  <div data-colibri-component=\"section\" data-colibri-id=\"372-c2\" id=\"custom\" class=\"h-section h-section-global-spacing d-flex align-items-lg-center align-items-md-center align-items-center style-450 style-local-372-c2 position-relative\">\n    <!---->\n    <!---->\n    <div class=\"h-separator\" style=\"height: 300px; bottom: calc(-1px);\">\n      <svg style=\"fill:rgb(0, 0, 0);transform:rotateX(180deg);\" xmlns=\"http:\/\/www.w3.org\/2000\/svg\" viewBox=\"0 0 423.98 306.76\" preserveAspectRatio=\"xMinYMin meet\">\n        <path d=\"M0,0V306.76C50.75,145.82,179.48,0,424,0Z\" transform=\"translate(0)\"><\/path>\n      <\/svg>\n    <\/div>\n    <div class=\"h-section-grid-container h-section-boxed-container\">\n      <!---->\n      <div data-colibri-id=\"372-c3\" class=\"h-row-container gutters-row-lg-2 gutters-row-md-2 gutters-row-0 gutters-row-v-lg-2 gutters-row-v-md-2 gutters-row-v-2 style-451 style-local-372-c3 position-relative\">\n        <!---->\n        <div class=\"h-row justify-content-lg-center justify-content-md-center justify-content-center align-items-lg-stretch align-items-md-stretch align-items-stretch gutters-col-lg-2 gutters-col-md-2 gutters-col-0 gutters-col-v-lg-2 gutters-col-v-md-2 gutters-col-v-2\">\n          <!---->\n          <div class=\"h-column h-column-container d-flex h-col-lg-auto h-col-md-auto h-col-auto style-452-outer style-local-372-c4-outer\">\n            <div data-colibri-id=\"372-c4\" class=\"d-flex h-flex-basis h-column__inner h-ui-empty-state-container h-px-lg-2 h-px-md-2 h-px-2 v-inner-lg-2 v-inner-md-2 v-inner-2 style-452 style-local-372-c4 position-relative\">\n              <!---->\n              <!---->\n              <div class=\"w-100 h-y-container h-column__content h-column__v-align flex-basis-100\">\n                <!---->\n              <\/div>\n            <\/div>\n          <\/div>\n        <\/div>\n      <\/div>\n    <\/div>\n  <\/div>\n  <div data-colibri-component=\"section\" data-colibri-id=\"372-c5\" id=\"custom-2\" class=\"h-section h-section-global-spacing d-flex align-items-lg-center align-items-md-center align-items-center style-453 style-local-372-c5 position-relative\">\n    <!---->\n    <!---->\n    <div class=\"h-section-grid-container h-section-boxed-container\">\n      <!---->\n      <div data-colibri-id=\"372-c6\" class=\"h-row-container gutters-row-lg-2 gutters-row-md-2 gutters-row-0 gutters-row-v-lg-2 gutters-row-v-md-2 gutters-row-v-2 style-456 style-local-372-c6 position-relative\">\n        <!---->\n        <div class=\"h-row justify-content-lg-center justify-content-md-center justify-content-center align-items-lg-stretch align-items-md-stretch align-items-stretch gutters-col-lg-2 gutters-col-md-2 gutters-col-0 gutters-col-v-lg-2 gutters-col-v-md-2 gutters-col-v-2\">\n          <!---->\n          <div class=\"h-column h-column-container d-flex h-col-lg-auto h-col-md-auto h-col-auto style-457-outer style-local-372-c7-outer\">\n            <div data-colibri-id=\"372-c7\" class=\"d-flex h-flex-basis h-column__inner h-px-lg-2 h-px-md-2 h-px-2 v-inner-lg-2 v-inner-md-2 v-inner-2 style-457 style-local-372-c7 position-relative\">\n              <!---->\n              <!---->\n              <div class=\"w-100 h-y-container h-column__content h-column__v-align flex-basis-100 align-self-lg-start align-self-md-start align-self-start\">\n                <!---->\n                <div data-colibri-id=\"372-c8\" class=\"d-block style-458 style-local-372-c8 position-relative h-element\">\n                  <!---->\n                  <div class=\"h-image__frame-container-outer\">\n                    <div class=\"h-image__frame-container\">\n                      <!---->\n                      <!---->\n                      <img loading=\"lazy\" width=\"1280\" height=\"720\" src=\"http:\/\/soportexpressgt.com\/wp-content\/uploads\/2022\/07\/5.jpg\" class=\"wp-image-627 style-458-image style-local-372-c8-image\" srcset=\"https:\/\/soportexpressgt.com\/wp-content\/uploads\/2022\/07\/5.jpg 1280w, https:\/\/soportexpressgt.com\/wp-content\/uploads\/2022\/07\/5-300x169.jpg 300w, https:\/\/soportexpressgt.com\/wp-content\/uploads\/2022\/07\/5-1024x576.jpg 1024w, https:\/\/soportexpressgt.com\/wp-content\/uploads\/2022\/07\/5-768x432.jpg 768w\" sizes=\"(max-width: 1280px) 100vw, 1280px\" alt=\"\" \/>\n                      <div class=\"h-image__frame h-hide-lg h-hide-md h-hide-sm style-458-frameImage style-local-372-c8-frameImage\"><\/div>\n                    <\/div>\n                  <\/div>\n                <\/div>\n                <div data-colibri-id=\"372-c9\" class=\"h-text h-text-component style-460 style-local-372-c9 position-relative h-element\">\n                  <!---->\n                  <!---->\n                  <div class=\"\">\n                    <p>Amplio stock de bater\u00edas, contamos con bater\u00edas gen\u00e9ricas y originales.<\/p>\n                    <p>* Bater\u00edas Gen\u00e9ricas 3 Meses de Garant\u00eda<\/p>\n                    <p>&nbsp; &nbsp;* Bater\u00edas Originales 6 Meses de Garant\u00eda&nbsp;&nbsp;<\/p>\n                    <p>\n                      <br>\n                    <\/p>\n                  <\/div>\n                <\/div>\n              <\/div>\n            <\/div>\n          <\/div>\n        <\/div>\n      <\/div>\n    <\/div>\n  <\/div>\n<\/div>","protected":false},"excerpt":{"rendered":"<p>Amplio stock de bater\u00edas, contamos con bater\u00edas gen\u00e9ricas y originales. * Bater\u00edas Gen\u00e9ricas 3 Meses de Garant\u00eda &nbsp; &nbsp;* Bater\u00edas Originales 6 Meses de Garant\u00eda&nbsp;&nbsp;<\/p>\n","protected":false},"author":1,"featured_media":0,"parent":0,"menu_order":0,"comment_status":"closed","ping_status":"closed","template":"page-templates\/full-width-page.php","meta":{"_monsterinsights_skip_tracking":false,"_monsterinsights_sitenote_active":false,"_monsterinsights_sitenote_note":"","_monsterinsights_sitenote_category":0},"_links":{"self":[{"href":"https:\/\/soportexpressgt.com\/index.php?rest_route=\/wp\/v2\/pages\/372"}],"collection":[{"href":"https:\/\/soportexpressgt.com\/index.php?rest_route=\/wp\/v2\/pages"}],"about":[{"href":"https:\/\/soportexpressgt.com\/index.php?rest_route=\/wp\/v2\/types\/page"}],"author":[{"embeddable":true,"href":"https:\/\/soportexpressgt.com\/index.php?rest_route=\/wp\/v2\/users\/1"}],"replies":[{"embeddable":true,"href":"https:\/\/soportexpressgt.com\/index.php?rest_route=%2Fwp%2Fv2%2Fcomments&post=372"}],"version-history":[{"count":5,"href":"https:\/\/soportexpressgt.com\/index.php?rest_route=\/wp\/v2\/pages\/372\/revisions"}],"predecessor-version":[{"id":659,"href":"https:\/\/soportexpressgt.com\/index.php?rest_route=\/wp\/v2\/pages\/372\/revisions\/659"}],"wp:attachment":[{"href":"https:\/\/soportexpressgt.com\/index.php?rest_route=%2Fwp%2Fv2%2Fmedia&parent=372"}],"curies":[{"name":"wp","href":"https:\/\/api.w.org\/{rel}","templated":true}]}}